{"id":51,"date":"2022-07-23T05:44:43","date_gmt":"2022-07-23T05:44:43","guid":{"rendered":"https:\/\/fastwpdemo.com\/newwp\/heritaste\/?page_id=51"},"modified":"2024-09-21T12:31:13","modified_gmt":"2024-09-21T12:31:13","slug":"reservation","status":"publish","type":"page","link":"https:\/\/cointraditionnel.ma\/","title":{"rendered":"R\u00e9servation"},"content":{"rendered":"\t\t<div data-elementor-type=\"wp-page\" data-elementor-id=\"51\" class=\"elementor elementor-51\">\n\t\t\t\t\t\t<section class=\"elementor-section elementor-top-section elementor-element elementor-element-52b20e8 elementor-section-full_width elementor-section-height-default elementor-section-height-default\" data-id=\"52b20e8\" data-element_type=\"section\">\n\t\t\t\t\t\t<div class=\"elementor-container elementor-column-gap-default\">\n\t\t\t\t\t<div class=\"elementor-column elementor-col-100 elementor-top-column elementor-element elementor-element-c798b8e\" data-id=\"c798b8e\" data-element_type=\"column\">\n\t\t\t<div class=\"elementor-widget-wrap elementor-element-populated\">\n\t\t\t\t\t\t<div class=\"elementor-element elementor-element-644a2de elementor-widget elementor-widget-heritaste_contact_us\" data-id=\"644a2de\" data-element_type=\"widget\" data-widget_type=\"heritaste_contact_us.default\">\n\t\t\t\t<div class=\"elementor-widget-container\">\n\t\t\t\t\t\n        <!-- contact-section -->\n        <section class=\"contact-section\">\n            <div class=\"bg-layer\" style=\"background-image: url(https:\/\/cointraditionnel.ma\/wp-content\/uploads\/2022\/07\/contact-bg.jpg);\"><\/div>            <span class=\"big-text\">contact<\/span>            <div class=\"auto-container\">\n                <div class=\"row clearfix\">\n                    <div class=\"col-lg-6 col-md-12 col-sm-12 info-column\">\n                        <div class=\"info-inner\">\n                            <div class=\"text\">\n                                <h2>\u00c0 votre service !<\/h2>                                <p>Vous avez une question concernant nos services ?<br \/>Nous sommes l\u00e0 pour vous aider, contactez-nous d\u00e8s aujourd'hui <\/p>                            <\/div>\n                            <ul class=\"info-list clearfix\">\n                                                                <li>\n                                    <div class=\"icon\"><i class=\"flaticon-pin\"><\/i><\/div>\n                                    <h4>Emplacement<\/h4>\n                                    <p>123, Qt Matar residence Ouchen, Nador, <br \/>Maroc.<\/p>\n<div class=\"link\"><a href=\"https:\/\/maps.app.goo.gl\/GgJykQGtSs7F9eHr5\" target=\"_blank\">Google Map<\/a><\/div>                                <\/li>\n                                                                <li>\n                                    <div class=\"icon\"><i class=\"flaticon-telephone\"><\/i><\/div>\n                                    <h4>Questions G\u00e9n\u00e9rales<\/h4>\n                                    <p><a href=\"tel:+212662626217\">(+212) 06 62 62 62 17<\/a><br \/><a href=\"mailto:reservation.cointraditionnel@gmail.com\">Reservation.cointraditionnel@gmail.com<\/a><\/p>\n<div class=\"link\"><\/div>                                <\/li>\n                                                                <li>\n                                    <div class=\"icon\"><i class=\"flaticon-clock\"><\/i><\/div>\n                                    <h4>Horaires d'ouverture<\/h4>\n                                    <p>Lundi \u00e0 Dimanche de 11h00 \u00e0 00h00<\/p>                                <\/li>\n                                                            <\/ul>\n                        <\/div>\n                    <\/div>\n                    <div class=\"col-lg-6 col-md-12 col-sm-12 form-column\">\n                                                <div class=\"form-inner\">\n                            <div class=\"shape\">\n                                <div class=\"shape-1\" style=\"background-image: url(https:\/\/cointraditionnel.ma\/wp-content\/themes\/heritaste\/assets\/images\/shape\/shape-72.png);\"><\/div>\n                                <div class=\"shape-2\" style=\"background-image: url(https:\/\/cointraditionnel.ma\/wp-content\/themes\/heritaste\/assets\/images\/shape\/shape-72.png);\"><\/div>\n                            <\/div>\n                            <h3>Vous souhaitez profiter de soir\u00e9es exceptionnelles?<br \/> R\u00e9servez maintenant !<\/h3>                            \n<div class=\"wpcf7 no-js\" id=\"wpcf7-f1523-o1\" lang=\"fr-FR\" dir=\"ltr\">\n<div class=\"screen-reader-response\"><p role=\"status\" aria-live=\"polite\" aria-atomic=\"true\"><\/p> <ul><\/ul><\/div>\n<form action=\"\/index.php\/wp-json\/wp\/v2\/pages\/51#wpcf7-f1523-o1\" method=\"post\" class=\"wpcf7-form init\" aria-label=\"Formulaire de contact\" novalidate=\"novalidate\" data-status=\"init\">\n<div style=\"display: none;\">\n<input type=\"hidden\" name=\"_wpcf7\" value=\"1523\" \/>\n<input type=\"hidden\" name=\"_wpcf7_version\" value=\"5.9.8\" \/>\n<input type=\"hidden\" name=\"_wpcf7_locale\" value=\"fr_FR\" \/>\n<input type=\"hidden\" name=\"_wpcf7_unit_tag\" value=\"wpcf7-f1523-o1\" \/>\n<input type=\"hidden\" name=\"_wpcf7_container_post\" value=\"0\" \/>\n<input type=\"hidden\" name=\"_wpcf7_posted_data_hash\" value=\"\" \/>\n<\/div>\n<div class=\"row clearfix\">\n\t<div class=\"col-lg-12 col-md-12 col-sm-12 form-group\">\n\t\t<p><span class=\"wpcf7-form-control-wrap\" data-name=\"text-121\"><input size=\"40\" maxlength=\"400\" class=\"wpcf7-form-control wpcf7-text wpcf7-validates-as-required\" aria-required=\"true\" aria-invalid=\"false\" placeholder=\"Votre Nom\" value=\"\" type=\"text\" name=\"text-121\" \/><\/span>\n\t\t<\/p>\n\t<\/div>\n\t<div class=\"col-lg-12 col-md-12 col-sm-12 form-group\">\n\t\t<p><span class=\"wpcf7-form-control-wrap\" data-name=\"text-122\"><input size=\"40\" maxlength=\"400\" class=\"wpcf7-form-control wpcf7-text wpcf7-validates-as-required\" aria-required=\"true\" aria-invalid=\"false\" placeholder=\"T\u00e9l\u00e9phone\" value=\"\" type=\"text\" name=\"text-122\" \/><\/span>\n\t\t<\/p>\n\t<\/div>\n\t<div class=\"col-lg-12 col-md-12 col-sm-12 form-group\">\n\t\t<p><span class=\"wpcf7-form-control-wrap\" data-name=\"email-949\"><input size=\"40\" maxlength=\"400\" class=\"wpcf7-form-control wpcf7-email wpcf7-text wpcf7-validates-as-email\" aria-invalid=\"false\" placeholder=\"Adresse email\" value=\"\" type=\"email\" name=\"email-949\" \/><\/span>\n\t\t<\/p>\n\t<\/div>\n\t<div class=\"col-lg-12 col-md-12 col-sm-12 form-group\">\n\t\t<p><span class=\"wpcf7-form-control-wrap\" data-name=\"number-435\"><input class=\"wpcf7-form-control wpcf7-number wpcf7-validates-as-required wpcf7-validates-as-number\" min=\"1\" aria-required=\"true\" aria-invalid=\"false\" placeholder=\"Nombre d&#039;invit\u00e9s\" value=\"\" type=\"number\" name=\"number-435\" \/><\/span>\n\t\t<\/p>\n\t<\/div>\n\t<div class=\"col-lg-12 col-md-12 col-sm-12 form-group\">\n\t\t<p><span class=\"wpcf7-form-control-wrap\" data-name=\"date-943\"><input size=\"40\" maxlength=\"400\" class=\"wpcf7-form-control wpcf7-text wpcf7-validates-as-required walcf7-datepicker\" aria-required=\"true\" aria-invalid=\"false\" placeholder=\"Date\" value=\"\" type=\"text\" name=\"date-943\" \/><\/span>\n\t\t<\/p>\n\t<\/div>\n\t<div class=\"col-lg-12 col-md-12 col-sm-12 form-group\">\n\t\t<p><span class=\"wpcf7-form-control-wrap\" data-name=\"time-554\"><input size=\"40\" maxlength=\"400\" class=\"wpcf7-form-control wpcf7-text wpcf7-validates-as-required walcf7-timepicker\" aria-required=\"true\" aria-invalid=\"false\" placeholder=\"Heure\" value=\"\" type=\"text\" name=\"time-554\" \/><\/span>\n\t\t<\/p>\n\t<\/div>\n\t<div class=\"col-lg-12 col-md-12 col-sm-12 form-group message-btn\">\n\t\t<p><button type=\"submit\" class=\"theme-btn-two\" name=\"submit-form\">R\u00e9servez maintenant<\/button>\n\t\t<\/p>\n\t<\/div>\n<\/div><div class=\"wpcf7-response-output\" aria-hidden=\"true\"><\/div>\n<\/form>\n<\/div>\n                        <\/div>\n                                            <\/div>\n                <\/div>\n            <\/div>\n        <\/section>\n        <!-- contact-section end -->\n                     \n        \t\t<\/div>\n\t\t\t\t<\/div>\n\t\t\t\t\t<\/div>\n\t\t<\/div>\n\t\t\t\t\t<\/div>\n\t\t<\/section>\n\t\t\t\t<\/div>\n\t\t","protected":false},"excerpt":{"rendered":"<p>contact \u00c0 votre service ! Vous avez une question concernant nos services ?Nous sommes l\u00e0 pour vous aider, contactez-nous d\u00e8s aujourd&rsquo;hui Emplacement 123, Qt Matar residence Ouchen, Nador, Maroc. Google Map Questions G\u00e9n\u00e9rales (+212) 06 62 62 62 17Reservation.cointraditionnel@gmail.com Horaires d&rsquo;ouverture Lundi \u00e0 Dimanche de 11h00 \u00e0 00h00 Vous souhaitez profiter de soir\u00e9es exceptionnelles? R\u00e9servez [&hellip;]<\/p>\n","protected":false},"author":1,"featured_media":0,"parent":0,"menu_order":0,"comment_status":"closed","ping_status":"closed","template":"tpl-default-elementor.php","meta":{"footnotes":""},"class_list":["post-51","page","type-page","status-publish","hentry"],"_links":{"self":[{"href":"https:\/\/cointraditionnel.ma\/index.php\/wp-json\/wp\/v2\/pages\/51","targetHints":{"allow":["GET"]}}],"collection":[{"href":"https:\/\/cointraditionnel.ma\/index.php\/wp-json\/wp\/v2\/pages"}],"about":[{"href":"https:\/\/cointraditionnel.ma\/index.php\/wp-json\/wp\/v2\/types\/page"}],"author":[{"embeddable":true,"href":"https:\/\/cointraditionnel.ma\/index.php\/wp-json\/wp\/v2\/users\/1"}],"replies":[{"embeddable":true,"href":"https:\/\/cointraditionnel.ma\/index.php\/wp-json\/wp\/v2\/comments?post=51"}],"version-history":[{"count":29,"href":"https:\/\/cointraditionnel.ma\/index.php\/wp-json\/wp\/v2\/pages\/51\/revisions"}],"predecessor-version":[{"id":1537,"href":"https:\/\/cointraditionnel.ma\/index.php\/wp-json\/wp\/v2\/pages\/51\/revisions\/1537"}],"wp:attachment":[{"href":"https:\/\/cointraditionnel.ma\/index.php\/wp-json\/wp\/v2\/media?parent=51"}],"curies":[{"name":"wp","href":"https:\/\/api.w.org\/{rel}","templated":true}]}}